{"id":801,"date":"2016-11-08T14:35:44","date_gmt":"2016-11-08T14:35:44","guid":{"rendered":"http:\/\/mszag.com\/news\/?page_id=801"},"modified":"2016-11-08T16:47:22","modified_gmt":"2016-11-08T16:47:22","slug":"801-2","status":"publish","type":"page","link":"http:\/\/mszag.com\/news\/801-2\/","title":{"rendered":""},"content":{"rendered":"<p style=\"text-align: center;\"><a href=\"http:\/\/fie.org\" target=\"_blank\">International fencing federation<\/a><\/p>\n<p><a href=\"http:\/\/fie.org\" target=\"_blank\"><img decoding=\"async\" loading=\"lazy\" class=\"aligncenter wp-image-792\" src=\"http:\/\/mszag.com\/news\/wp-content\/uploads\/2016\/11\/fie-300x300.jpeg\" alt=\"fie\" width=\"163\" height=\"163\" srcset=\"http:\/\/mszag.com\/news\/wp-content\/uploads\/2016\/11\/fie-300x300.jpeg 300w, http:\/\/mszag.com\/news\/wp-content\/uploads\/2016\/11\/fie-150x150.jpeg 150w, http:\/\/mszag.com\/news\/wp-content\/uploads\/2016\/11\/fie.jpeg 400w\" sizes=\"auto, (max-width: 163px) 100vw, 163px\" \/><\/a><\/p>\n<p style=\"text-align: center;\"><a href=\"http:\/\/eurofencing.info\" target=\"_blank\">\u00b8European fencing confederation<\/a><\/p>\n<p style=\"text-align: center;\"><img decoding=\"async\" loading=\"lazy\" class=\"alignnone wp-image-793 size-full\" src=\"http:\/\/mszag.com\/news\/wp-content\/uploads\/2016\/11\/eurofencing.jpeg\" alt=\"eurofencing\" width=\"174\" height=\"69\" \/><\/p>\n<p style=\"text-align: center;\">\n<p style=\"text-align: center;\"><a href=\"http:\/\/besport.org\/comes\/en\">Conf\u00e9d\u00e9ration M\u00e9diterran\u00e9enne d\u2019Escrime<\/a><\/p>\n<p style=\"text-align: center;\"><a href=\"http:\/\/besport.org\/comes\/en\"><img decoding=\"async\" loading=\"lazy\" class=\"alignnone size-full wp-image-854\" src=\"http:\/\/mszag.com\/news\/wp-content\/uploads\/2016\/11\/comes.png\" alt=\"comes\" width=\"234\" height=\"61\" \/><\/a><\/p>\n<p style=\"text-align: center;\">\n","protected":false},"excerpt":{"rendered":"<p>International fencing federation \u00b8European fencing confederation Conf\u00e9d\u00e9ration M\u00e9diterran\u00e9enne d\u2019Escrime<\/p>\n","protected":false},"author":1,"featured_media":0,"parent":0,"menu_order":0,"comment_status":"closed","ping_status":"closed","template":"","meta":{"nf_dc_page":"","footnotes":""},"class_list":["post-801","page","type-page","status-publish","hentry"],"aioseo_notices":[],"_links":{"self":[{"href":"http:\/\/mszag.com\/news\/wp-json\/wp\/v2\/pages\/801","targetHints":{"allow":["GET"]}}],"collection":[{"href":"http:\/\/mszag.com\/news\/wp-json\/wp\/v2\/pages"}],"about":[{"href":"http:\/\/mszag.com\/news\/wp-json\/wp\/v2\/types\/page"}],"author":[{"embeddable":true,"href":"http:\/\/mszag.com\/news\/wp-json\/wp\/v2\/users\/1"}],"replies":[{"embeddable":true,"href":"http:\/\/mszag.com\/news\/wp-json\/wp\/v2\/comments?post=801"}],"version-history":[{"count":3,"href":"http:\/\/mszag.com\/news\/wp-json\/wp\/v2\/pages\/801\/revisions"}],"predecessor-version":[{"id":855,"href":"http:\/\/mszag.com\/news\/wp-json\/wp\/v2\/pages\/801\/revisions\/855"}],"wp:attachment":[{"href":"http:\/\/mszag.com\/news\/wp-json\/wp\/v2\/media?parent=801"}],"curies":[{"name":"wp","href":"https:\/\/api.w.org\/{rel}","templated":true}]}}