{"id":804,"date":"2016-11-08T14:44:53","date_gmt":"2016-11-08T14:44:53","guid":{"rendered":"http:\/\/mszag.com\/news\/?page_id=804"},"modified":"2016-11-08T16:41:18","modified_gmt":"2016-11-08T16:41:18","slug":"804-2","status":"publish","type":"page","link":"http:\/\/mszag.com\/news\/804-2\/","title":{"rendered":""},"content":{"rendered":"<p style=\"text-align: center;\"><a href=\"http:\/\/oefv.com\">Austria (Oesterreichischer Fechtverband,Herrgottwiesgasse 260, 8055 Graz , AUSTRIA)<\/a><\/p>\n<p style=\"text-align: center;\"><a href=\"http:\/\/oefv.com\"><img decoding=\"async\" loading=\"lazy\" class=\"alignnone size-full wp-image-805\" src=\"http:\/\/mszag.com\/news\/wp-content\/uploads\/2016\/11\/AUT.png\" alt=\"aut\" width=\"125\" height=\"150\" \/><\/a><\/p>\n<hr \/>\n<p style=\"text-align: center;\"><a href=\"http:\/\/ffa.do.am\">Armenia (Federation d&#8217;Escrime d&#8217;Armenie)<\/a><\/p>\n<p style=\"text-align: center;\"><a href=\"http:\/\/ffa.do.am\"><img decoding=\"async\" loading=\"lazy\" class=\"alignnone wp-image-811\" src=\"http:\/\/mszag.com\/news\/wp-content\/uploads\/2016\/11\/armenia.jpg\" alt=\"armenia\" width=\"129\" height=\"155\" \/><\/a><\/p>\n<hr \/>\n<p style=\"text-align: center;\"><a href=\"http:\/\/fencing.by\">Belarus (Federation d&#8217;Escrime Republique Belarus, Fabritsius 24a,220007 Minsk, Belarus)<\/a><br \/>\n<a href=\"http:\/\/fencing.by\"><img decoding=\"async\" loading=\"lazy\" class=\"alignnone size-full wp-image-806\" src=\"http:\/\/mszag.com\/news\/wp-content\/uploads\/2016\/11\/logo_BLR.png\" alt=\"logo_blr\" width=\"125\" height=\"150\" \/><\/a><\/p>\n<hr \/>\n<p style=\"text-align: center;\"><a href=\"http:\/\/www.fencing-belgium.be\">Belgium (Federation Royale Belge des Cercles d&#8217;Escrime, Rue Kelle 196,1150 Brussels,Belgium \u00a0<\/a><\/p>\n<p style=\"text-align: center;\"><a href=\"http:\/\/www.fencing-belgium.be\"><img decoding=\"async\" loading=\"lazy\" class=\"alignnone size-full wp-image-812\" src=\"http:\/\/mszag.com\/news\/wp-content\/uploads\/2016\/11\/belgium.png\" alt=\"belgium\" width=\"125\" height=\"150\" \/><\/a><\/p>\n<hr \/>\n<p style=\"text-align: center;\"><a href=\"http:\/\/bulfencing.com\">Bulgaria (Federation Bulgare d&#8217;Escrime,75, Vasil Levski bul., Sofia, Bulgaria)<\/a><\/p>\n<p style=\"text-align: center;\"><a href=\"http:\/\/bulfencing.com\"><img decoding=\"async\" loading=\"lazy\" class=\"alignnone size-full wp-image-810\" src=\"http:\/\/mszag.com\/news\/wp-content\/uploads\/2016\/11\/bulg.jpg\" alt=\"bulg\" width=\"125\" height=\"150\" \/><\/a><\/p>\n<hr \/>\n<p style=\"text-align: center;\"><a href=\"http:\/\/hms.hr\">Croatia (Federation Croate d&#8217;Escrime,Trg Kresimira Cosica 11,10000 Zagreb,Hrvatska\/Croatia \u00a0<\/a><\/p>\n<p style=\"text-align: center;\"><a href=\"http:\/\/hms.hr\"><img decoding=\"async\" loading=\"lazy\" class=\"alignnone size-full wp-image-813\" src=\"http:\/\/mszag.com\/news\/wp-content\/uploads\/2016\/11\/HMS.gif\" alt=\"hms\" width=\"125\" height=\"150\" \/><\/a><\/p>\n<hr \/>\n<p style=\"text-align: center;\"><a href=\"http:\/\/www.fencing.org.cy\">Cyprus (Federation d&#8217;Escrime de Chypre,P.O.Box 54212,3722 Limassol (Lemesos),Cyprus<\/a><\/p>\n<p style=\"text-align: center;\"><a href=\"http:\/\/www.fencing.org.cy\"><img decoding=\"async\" loading=\"lazy\" class=\"alignnone size-full wp-image-814\" src=\"http:\/\/mszag.com\/news\/wp-content\/uploads\/2016\/11\/cyprus.jpg\" alt=\"cyprus\" width=\"125\" height=\"150\" \/><\/a><\/p>\n<hr \/>\n<p style=\"text-align: center;\">\u00a0<a href=\"http:\/\/www.czechfencing.cz\/\">Czech republic (Cesky sermirsky svaz,Zatopkova 100\/2,160 17 Praha 6,Czech Republic )<\/a><\/p>\n<p style=\"text-align: center;\"><a href=\"http:\/\/www.czechfencing.cz\/\"><img decoding=\"async\" loading=\"lazy\" class=\"alignnone size-full wp-image-816\" src=\"http:\/\/mszag.com\/news\/wp-content\/uploads\/2016\/11\/czech.jpg\" alt=\"czech\" width=\"125\" height=\"150\" \/><\/a><\/p>\n<hr \/>\n<p style=\"text-align: center;\"><a href=\"http:\/\/www.faegtning.dk\">Denmark (Dansk Faegte Forbund,Br\u00f8ndby Stadion 20,2605 Br\u00f8ndby, Denmark)<\/a><\/p>\n<p style=\"text-align: center;\"><a href=\"http:\/\/www.faegtning.dk\"><img decoding=\"async\" loading=\"lazy\" class=\"alignnone size-full wp-image-817\" src=\"http:\/\/mszag.com\/news\/wp-content\/uploads\/2016\/11\/DEN.png\" alt=\"den\" width=\"125\" height=\"150\" \/><\/a><\/p>\n<hr \/>\n<p style=\"text-align: center;\"><a href=\"http:\/\/www.vehklemisliit.ee\/\">Estonia (Federation Estonienne d&#8217;Escrime,Pirita tee 12,10127 Tallinn,Estonia)<\/a><\/p>\n<p style=\"text-align: center;\"><a href=\"http:\/\/www.vehklemisliit.ee\/\"><img decoding=\"async\" loading=\"lazy\" class=\"alignnone size-full wp-image-818\" src=\"http:\/\/mszag.com\/news\/wp-content\/uploads\/2016\/11\/EST.png\" alt=\"est\" width=\"125\" height=\"150\" \/><\/a><\/p>\n<hr \/>\n<p style=\"text-align: center;\"><a href=\"http:\/\/www.fencing-pentathlon.fi\">Finland (Finnish Fencing and Pentathlon Association,Radiokatu 20,00240 HELSINKI,FINLAND)<\/a><\/p>\n<p style=\"text-align: center;\"><a href=\"http:\/\/www.fencing-pentathlon.fi\"><img decoding=\"async\" loading=\"lazy\" class=\"alignnone size-full wp-image-819\" src=\"http:\/\/mszag.com\/news\/wp-content\/uploads\/2016\/11\/fin.jpg\" alt=\"fin\" width=\"125\" height=\"150\" \/><\/a><\/p>\n<hr \/>\n<p style=\"text-align: center;\"><a href=\"http:\/\/www.escrime-ffe.fr\">France (Federation Francaise d&#8217;Escrime,36 avenue du G\u00e9n\u00e9ral de Gaulle,93170 BAGNOLET,France )<\/a><\/p>\n<p style=\"text-align: center;\"><a href=\"http:\/\/www.escrime-ffe.fr\"><img decoding=\"async\" loading=\"lazy\" class=\"alignnone size-full wp-image-820\" src=\"http:\/\/mszag.com\/news\/wp-content\/uploads\/2016\/11\/france.jpg\" alt=\"france\" width=\"125\" height=\"150\" \/><\/a><\/p>\n<hr \/>\n<p style=\"text-align: center;\"><a href=\"http:\/\/www.geofencing.ge\">Georgia ( Federation Georgienne d&#8217;Escrime,Av. Chavchavadze 49b,0162 Tbilisi,Georgia)<\/a><\/p>\n<p style=\"text-align: center;\"><a href=\"http:\/\/www.geofencing.ge\"><img decoding=\"async\" loading=\"lazy\" class=\"alignnone size-full wp-image-821\" src=\"http:\/\/mszag.com\/news\/wp-content\/uploads\/2016\/11\/GEO.png\" alt=\"geo\" width=\"125\" height=\"150\" \/><\/a><\/p>\n<hr \/>\n<p style=\"text-align: center;\"><a href=\"http:\/\/www.fechten.org\/\">Germany (Deutscher Fechter-Bund,Am Neuen Lindenhof 2,53117 Bonn,Germany )<\/a><\/p>\n<p style=\"text-align: center;\"><a href=\"http:\/\/www.fechten.org\/\"><img decoding=\"async\" loading=\"lazy\" class=\"alignnone size-full wp-image-822\" src=\"http:\/\/mszag.com\/news\/wp-content\/uploads\/2016\/11\/GER.png\" alt=\"ger\" width=\"125\" height=\"150\" \/><\/a><\/p>\n<hr \/>\n<p style=\"text-align: center;\"><a href=\"http:\/\/www.fencing.org.gr\">Greece ( Federation Hellenique d&#8217;Escrime,2, Misaraliotou str. 117 42 Athens ,Greece )<\/a><\/p>\n<p style=\"text-align: center;\"><a href=\"http:\/\/www.fencing.org.gr\"><img decoding=\"async\" loading=\"lazy\" class=\"alignnone size-full wp-image-823\" src=\"http:\/\/mszag.com\/news\/wp-content\/uploads\/2016\/11\/GRE.png\" alt=\"gre\" width=\"125\" height=\"150\" \/><\/a><\/p>\n<hr \/>\n<p style=\"text-align: center;\"><a href=\"http:\/\/www.hunfencing.hu\">Hungary (Magyar Vivoszovetseg,Istvanmezei ut 1-3,1146 BUDAPEST,Hungary\u00a0 )<\/a><\/p>\n<p style=\"text-align: center;\"><a href=\"http:\/\/www.hunfencing.hu\"><img decoding=\"async\" loading=\"lazy\" class=\"alignnone size-full wp-image-824\" src=\"http:\/\/mszag.com\/news\/wp-content\/uploads\/2016\/11\/HUN.png\" alt=\"hun\" width=\"125\" height=\"150\" \/><\/a><\/p>\n<hr \/>\n<p style=\"text-align: center;\"><a href=\"http:\/\/www.skylmingar.is\">Island ( Skylmingasamband Island,Engjavegi 6,104 Reykjavik,Iceland)<\/a><\/p>\n<p style=\"text-align: center;\"><a href=\"http:\/\/www.skylmingar.is\"><img decoding=\"async\" loading=\"lazy\" class=\"alignnone size-full wp-image-825\" src=\"http:\/\/mszag.com\/news\/wp-content\/uploads\/2016\/11\/ISL.png\" alt=\"isl\" width=\"125\" height=\"150\" \/><\/a><\/p>\n<hr \/>\n<p style=\"text-align: center;\"><a href=\"http:\/\/www.irishfencing.net\">Ireland ( Fencing Ireland,Branksome Dene, Frankfort Park, Dundrum,14 Dublin,Ireland )<\/a><\/p>\n<p style=\"text-align: center;\"><a href=\"http:\/\/www.irishfencing.net\"><img decoding=\"async\" loading=\"lazy\" class=\"alignnone size-full wp-image-826\" src=\"http:\/\/mszag.com\/news\/wp-content\/uploads\/2016\/11\/Fencing_Ireland_Logo.jpg\" alt=\"fencing_ireland_logo\" width=\"125\" height=\"150\" \/><\/a><\/p>\n<hr \/>\n<p style=\"text-align: center;\"><a href=\"http:\/\/www.fencing.org.il\/\">Israel ( Israel Fencing Association,Shitrit 10 st. at the athletics stadium Hadar Yosef,Tel Aviv,ISRAEL)<\/a><\/p>\n<p style=\"text-align: center;\"><a href=\"http:\/\/www.fencing.org.il\/\"><img decoding=\"async\" loading=\"lazy\" class=\"alignnone size-full wp-image-827\" src=\"http:\/\/mszag.com\/news\/wp-content\/uploads\/2016\/11\/israel_fencing_association.jpg\" alt=\"israel_fencing_association\" width=\"125\" height=\"150\" \/><\/a><\/p>\n<hr \/>\n<p style=\"text-align: center;\"><a href=\"http:\/\/www.federscherma.it\">Italy ( Federazione Italiana Scherma,Viale Tiziano 74,00196 Rome,Italy )<\/a><\/p>\n<p style=\"text-align: center;\"><a href=\"http:\/\/www.federscherma.it\"><img decoding=\"async\" loading=\"lazy\" class=\"alignnone size-full wp-image-828\" src=\"http:\/\/mszag.com\/news\/wp-content\/uploads\/2016\/11\/ITA.png\" alt=\"ita\" width=\"125\" height=\"150\" \/><\/a><\/p>\n<hr \/>\n<p style=\"text-align: center;\"><a href=\"http:\/\/www.paukosana.lv\">Latvia ( Federation Lettonienne d&#8217;Escrime,Roberta Feldma\u0146a 11, LV-1014 Riga, Latvia\u00a0 )<\/a><\/p>\n<p style=\"text-align: center;\"><a href=\"http:\/\/www.paukosana.lv\"><img decoding=\"async\" loading=\"lazy\" class=\"alignnone size-full wp-image-829\" src=\"http:\/\/mszag.com\/news\/wp-content\/uploads\/2016\/11\/lat.jpg\" alt=\"lat\" width=\"125\" height=\"150\" \/><\/a><\/p>\n<hr \/>\n<p style=\"text-align: center;\"><a href=\"http:\/\/www.fechtavimas.lt\/\">Lithuania (Federation Lituanienne d&#8217;Escrime,Zemaites str. 6, LT-03117 Vilnius, Lithuania )<\/a><\/p>\n<p style=\"text-align: center;\"><a href=\"http:\/\/www.fechtavimas.lt\/\"><img decoding=\"async\" loading=\"lazy\" class=\"alignnone size-full wp-image-830\" src=\"http:\/\/mszag.com\/news\/wp-content\/uploads\/2016\/11\/LTU.png\" alt=\"ltu\" width=\"125\" height=\"150\" \/><\/a><\/p>\n<hr \/>\n<p style=\"text-align: center;\"><a href=\"http:\/\/www.escrime-fle.lu\">Luxembourg (Fed. luxembourgeoise d&#8217;escrime)<\/a><\/p>\n<p style=\"text-align: center;\"><a href=\"http:\/\/www.escrime-fle.lu\"><img decoding=\"async\" loading=\"lazy\" class=\"alignnone size-full wp-image-831\" src=\"http:\/\/mszag.com\/news\/wp-content\/uploads\/2016\/11\/lux.jpg\" alt=\"lux\" width=\"125\" height=\"150\" \/><\/a><\/p>\n<hr \/>\n<p style=\"text-align: center;\"><a href=\"mailto:macedonian.fencing@gmail.com\">Macedonia\u00a0 (Macedonian Fencing Federation,Gradski Park,1000 Skopje,Former Yugoslav Republic of Macedonia)<\/a><\/p>\n<p style=\"text-align: center;\"><a href=\"mailto:macedonian.fencing@gmail.com\"><img decoding=\"async\" loading=\"lazy\" class=\"alignnone size-full wp-image-833\" src=\"http:\/\/mszag.com\/news\/wp-content\/uploads\/2016\/11\/MKD.png\" alt=\"mkd\" width=\"125\" height=\"150\" \/><\/a><\/p>\n<hr \/>\n<p style=\"text-align: center;\"><a href=\"mailto:juanformosa@hotmail.com\">Malta ( Ass. Nationale d&#8217;Escrime de Malte )<\/a><\/p>\n<p style=\"text-align: center;\"><a href=\"mailto:juanformosa@hotmail.com\"><img decoding=\"async\" loading=\"lazy\" class=\"alignnone size-full wp-image-832\" src=\"http:\/\/mszag.com\/news\/wp-content\/uploads\/2016\/11\/MLT.png\" alt=\"mlt\" width=\"125\" height=\"150\" \/><\/a><\/p>\n<hr \/>\n<p style=\"text-align: center;\"><a href=\"mailto:fencing_mda@yahoo.com\">Moldova ( Federation d&#8217;Escrime de Moldova, Armeneasca 43, 2012 Chisinau,Republic of Moldova )<\/a><\/p>\n<p style=\"text-align: center;\"><a href=\"mailto:fencing_mda@yahoo.com\"><img decoding=\"async\" loading=\"lazy\" class=\"alignnone size-full wp-image-834\" src=\"http:\/\/mszag.com\/news\/wp-content\/uploads\/2016\/11\/MDA.png\" alt=\"mda\" width=\"125\" height=\"150\" \/><\/a><\/p>\n<hr \/>\n<p style=\"text-align: center;\"><a href=\"http:\/\/www.escrimemonaco.com\">Monaco ( Federation Monegasque d&#8217;Escrime,98000 Monaco, MONACO) <\/a><\/p>\n<p style=\"text-align: center;\">\n<a href=\"http:\/\/www.escrimemonaco.com\"><img decoding=\"async\" loading=\"lazy\" class=\"alignnone size-full wp-image-835\" src=\"http:\/\/mszag.com\/news\/wp-content\/uploads\/2016\/11\/MON.png\" alt=\"mon\" width=\"125\" height=\"150\" \/><\/a><\/p>\n<hr \/>\n<p style=\"text-align: center;\"><a href=\"http:\/\/www.knas.nl\">Netherlands ( Koninklijke Nederlands Algemene Schermbond )<\/a><\/p>\n<p style=\"text-align: center;\"><a href=\"http:\/\/www.knas.nl\"><img decoding=\"async\" loading=\"lazy\" class=\"alignnone size-full wp-image-836\" src=\"http:\/\/mszag.com\/news\/wp-content\/uploads\/2016\/11\/knaslogo100-orange.gif\" alt=\"knaslogo100-orange\" width=\"125\" height=\"150\" \/><\/a><\/p>\n<hr \/>\n<p style=\"text-align: center;\"><a href=\"http:\/\/www.fekting.no\">Norway ( Norges Fekteforbund,NIF, Ullev\u00e5l Stadion, 0840 Oslo ,Norway )<\/a><\/p>\n<p style=\"text-align: center;\"><a href=\"http:\/\/www.fekting.no\"><img decoding=\"async\" loading=\"lazy\" class=\"alignnone size-full wp-image-837\" src=\"http:\/\/mszag.com\/news\/wp-content\/uploads\/2016\/11\/NOR.png\" alt=\"nor\" width=\"125\" height=\"150\" \/><\/a><\/p>\n<hr \/>\n<p style=\"text-align: center;\"><a href=\"http:\/\/www.pzszerm.pl\">Poland ( Polski Zwiazek Szermierczy,GROJECKA 65 A,\u00a0 02-094 WARSZAWA, Poland )<\/a><\/p>\n<p style=\"text-align: center;\"><a href=\"http:\/\/www.pzszerm.pl\"><img decoding=\"async\" loading=\"lazy\" class=\"alignnone size-full wp-image-838\" src=\"http:\/\/mszag.com\/news\/wp-content\/uploads\/2016\/11\/POL.png\" alt=\"pol\" width=\"125\" height=\"150\" \/><\/a><\/p>\n<hr \/>\n<p style=\"text-align: center;\"><a href=\"http:\/\/www.fpe.pt\">Portugal ( Federacao Portuguesa de Esgrima,Avenida de Berna, 31 -1 dt\u00ba, 1050-038 Lisboa, Portugal )<\/a><\/p>\n<p style=\"text-align: center;\"><a href=\"http:\/\/www.fpe.pt\"><img decoding=\"async\" loading=\"lazy\" class=\"alignnone size-full wp-image-839\" src=\"http:\/\/mszag.com\/news\/wp-content\/uploads\/2016\/11\/POR.png\" alt=\"por\" width=\"125\" height=\"150\" \/><\/a><\/p>\n<hr \/>\n<p style=\"text-align: center;\"><a href=\"http:\/\/www.frscrima.ro\">Romania ( Romania Av. Popa Marin nr. 2, Sector 1,Bucharest,Roumanie)<\/a><\/p>\n<p style=\"text-align: center;\"><a href=\"http:\/\/www.frscrima.ro\"><img decoding=\"async\" loading=\"lazy\" class=\"alignnone size-full wp-image-840\" src=\"http:\/\/mszag.com\/news\/wp-content\/uploads\/2016\/11\/rom.jpg\" alt=\"rom\" width=\"125\" height=\"150\" \/><\/a><\/p>\n<hr \/>\n<p style=\"text-align: center;\"><a href=\"http:\/\/rusfencing.ru\">Russia ( Federation d&#8217;Escrime de Russie, 119270, \u041c\u043e\u0441\u043a\u0432\u0430, \u041b\u0443\u0436\u043d\u0435\u0446\u043a\u0430\u044f \u043d\u0430\u0431., \u0434. 8 (\u041e\u043b\u0438\u043c\u043f\u0438\u0439\u0441\u043a\u0438\u0439 \u043a\u043e\u043c\u0438\u0442\u0435\u0442 \u0420\u043e\u0441\u0441\u0438\u0438), \u043e\u0444. 206, 208, 220) <\/a><\/p>\n<p style=\"text-align: center;\"><a href=\"http:\/\/rusfencing.ru\"><img decoding=\"async\" loading=\"lazy\" class=\"alignnone size-full wp-image-841\" src=\"http:\/\/mszag.com\/news\/wp-content\/uploads\/2016\/11\/RUS.png\" alt=\"rus\" width=\"125\" height=\"150\" \/><\/a><\/p>\n<hr \/>\n<p style=\"text-align: center;\"><a href=\"mailto:fedsamsch@omniway.sm\">San Marino ( Federazione Sammarinesa di Scherma )<\/a><\/p>\n<p style=\"text-align: center;\"><a href=\"mailto:fedsamsch@omniway.sm\"><img decoding=\"async\" loading=\"lazy\" class=\"alignnone  wp-image-842\" src=\"http:\/\/mszag.com\/news\/wp-content\/uploads\/2016\/11\/sm.png\" alt=\"sm\" width=\"117\" height=\"117\" \/><\/a><\/p>\n<hr \/>\n<p style=\"text-align: center;\"><a href=\"http:\/\/www.mss.org.rs\">Serbia ( Fencing Federation of Serbia,Obilicev Venac 4,11000 Belgrade, Serbia )<\/a><\/p>\n<p style=\"text-align: center;\"><a href=\"http:\/\/www.mss.org.rs\"><img decoding=\"async\" loading=\"lazy\" class=\"alignnone size-full wp-image-843\" src=\"http:\/\/mszag.com\/news\/wp-content\/uploads\/2016\/11\/Grb_MSS.png\" alt=\"grb_mss\" width=\"125\" height=\"150\" \/><\/a><\/p>\n<hr \/>\n<p style=\"text-align: center;\"><a href=\"http:\/\/www.slovak-fencing.sk\">Slovakia ( Federation Slovaque d&#8217;Escrime,Trnavska 39,831 04 Bratislava, Slovakia )<\/a><\/p>\n<p style=\"text-align: center;\"><a href=\"http:\/\/www.slovak-fencing.sk\"><img decoding=\"async\" loading=\"lazy\" class=\"alignnone size-full wp-image-844\" src=\"http:\/\/mszag.com\/news\/wp-content\/uploads\/2016\/11\/SVK.png\" alt=\"svk\" width=\"125\" height=\"150\" \/><\/a><\/p>\n<hr \/>\n<p style=\"text-align: center;\"><a href=\"http:\/\/www.sabljanje.si\">Slovenia ( Federation Slovene d&#8217;Escrime, Koroska cesta 172, 2000 Maribor,\u00a0 Slovenia\u00a0 )<\/a><\/p>\n<p style=\"text-align: center;\"><a href=\"http:\/\/www.sabljanje.si\"><img decoding=\"async\" loading=\"lazy\" class=\"alignnone size-full wp-image-845\" src=\"http:\/\/mszag.com\/news\/wp-content\/uploads\/2016\/11\/SLO.png\" alt=\"slo\" width=\"125\" height=\"150\" \/><\/a><\/p>\n<hr \/>\n<p style=\"text-align: center;\"><a href=\"http:\/\/www.esgrima.es\">Spain ( Real Federacion Espanola de Esgrima,Ferraz, 16 &#8211; 6\u00ba , 28008 Madrid,\u00a0 Spain\u00a0 )<\/a><\/p>\n<p style=\"text-align: center;\"><a href=\"http:\/\/www.esgrima.es\"><img decoding=\"async\" loading=\"lazy\" class=\"alignnone size-full wp-image-846\" src=\"http:\/\/mszag.com\/news\/wp-content\/uploads\/2016\/11\/ESP.png\" alt=\"esp\" width=\"125\" height=\"150\" \/><\/a><\/p>\n<hr \/>\n<p style=\"text-align: center;\"><a href=\"http:\/\/www.fencing.se\">Sweden ( Svenska F\u00e4ktf\u00f6rbundet, Fiskartorpsv\u00e4gen 15 A, 114 33 Stockholm,\u00a0 Sweden)<\/a><\/p>\n<p style=\"text-align: center;\"><a href=\"http:\/\/www.fencing.se\"><img decoding=\"async\" loading=\"lazy\" class=\"alignnone size-full wp-image-847\" src=\"http:\/\/mszag.com\/news\/wp-content\/uploads\/2016\/11\/SWE.png\" alt=\"swe\" width=\"125\" height=\"150\" \/><\/a><\/p>\n<hr \/>\n<p style=\"text-align: center;\"><a href=\"http:\/\/www.swiss-fencing.ch\">Switzerland ( FEDERATION SUISSE D&#8217;ESCRIME, Haus des Sports &#8211; Talgutzentrum 27, CH-3063 Ittigen b. Bern,\u00a0 Bern, Switzerland) <\/a><\/p>\n<p style=\"text-align: center;\"><a href=\"http:\/\/www.swiss-fencing.ch\"><img decoding=\"async\" loading=\"lazy\" class=\"alignnone size-full wp-image-848\" src=\"http:\/\/mszag.com\/news\/wp-content\/uploads\/2016\/11\/sui.png\" alt=\"sui\" width=\"125\" height=\"150\" \/><\/a><\/p>\n<hr \/>\n<p style=\"text-align: center;\"><a href=\"http:\/\/www.eskrim.org.tr\">Turkey ( Turkiye Eskrim Federasyonu, No: 65 Ankara, 06370 Ergazi\/ANKARA, TURKEY )<\/a><\/p>\n<p style=\"text-align: center;\"><a href=\"http:\/\/www.eskrim.org.tr\"><img decoding=\"async\" loading=\"lazy\" class=\"alignnone size-full wp-image-849\" src=\"http:\/\/mszag.com\/news\/wp-content\/uploads\/2016\/11\/eskrim_logo.png\" alt=\"eskrim_logo\" width=\"125\" height=\"150\" \/><\/a><\/p>\n<hr \/>\n<p style=\"text-align: center;\"><a href=\"http:\/\/www.nffu.org.ua\">Ukraine ( Federation d&#8217;Escrime d&#8217;Ukraine, 42 Esplanadna, room 715, Kyiv, Ukraine )<\/a><\/p>\n<p style=\"text-align: center;\"><a href=\"http:\/\/www.nffu.org.ua\"><img decoding=\"async\" loading=\"lazy\" class=\"alignnone size-full wp-image-850\" src=\"http:\/\/mszag.com\/news\/wp-content\/uploads\/2016\/11\/UKR.png\" alt=\"ukr\" width=\"125\" height=\"150\" \/><\/a><\/p>\n<hr \/>\n<p style=\"text-align: center;\"><a href=\"http:\/\/www.britishfencing.com\">United Kingdom ( British Fencing Association, 1 Baron&#8217;s Gate, 33-35 , Rothschild Road, W4 5HT London )<\/a><\/p>\n<p style=\"text-align: center;\"><a href=\"http:\/\/www.britishfencing.com\"><img decoding=\"async\" loading=\"lazy\" class=\"alignnone size-full wp-image-851\" src=\"http:\/\/mszag.com\/news\/wp-content\/uploads\/2016\/11\/GBR.png\" alt=\"gbr\" width=\"125\" height=\"150\" \/><\/a><\/p>\n<p style=\"text-align: center;\">\n","protected":false},"excerpt":{"rendered":"<p>Austria (Oesterreichischer Fechtverband,Herrgottwiesgasse 260, 8055 Graz , AUSTRIA) Armenia (Federation d&#8217;Escrime d&#8217;Armenie) Belarus (Federation d&#8217;Escrime Republique Belarus, Fabritsius 24a,220007 Minsk, Belarus) Belgium (Federation Royale Belge des Cercles d&#8217;Escrime, Rue Kelle &hellip; <a href=\"http:\/\/mszag.com\/news\/804-2\/\" class=\"more-link\">Continue reading <span class=\"screen-reader-text\"><\/span> <span class=\"meta-nav\">&rarr;<\/span><\/a><\/p>\n","protected":false},"author":1,"featured_media":0,"parent":0,"menu_order":0,"comment_status":"closed","ping_status":"closed","template":"","meta":{"nf_dc_page":"","footnotes":""},"class_list":["post-804","page","type-page","status-publish","hentry"],"aioseo_notices":[],"_links":{"self":[{"href":"http:\/\/mszag.com\/news\/wp-json\/wp\/v2\/pages\/804","targetHints":{"allow":["GET"]}}],"collection":[{"href":"http:\/\/mszag.com\/news\/wp-json\/wp\/v2\/pages"}],"about":[{"href":"http:\/\/mszag.com\/news\/wp-json\/wp\/v2\/types\/page"}],"author":[{"embeddable":true,"href":"http:\/\/mszag.com\/news\/wp-json\/wp\/v2\/users\/1"}],"replies":[{"embeddable":true,"href":"http:\/\/mszag.com\/news\/wp-json\/wp\/v2\/comments?post=804"}],"version-history":[{"count":4,"href":"http:\/\/mszag.com\/news\/wp-json\/wp\/v2\/pages\/804\/revisions"}],"predecessor-version":[{"id":852,"href":"http:\/\/mszag.com\/news\/wp-json\/wp\/v2\/pages\/804\/revisions\/852"}],"wp:attachment":[{"href":"http:\/\/mszag.com\/news\/wp-json\/wp\/v2\/media?parent=804"}],"curies":[{"name":"wp","href":"https:\/\/api.w.org\/{rel}","templated":true}]}}